{"id":991,"date":"2018-08-22T10:17:43","date_gmt":"2018-08-22T08:17:43","guid":{"rendered":"http:\/\/sosamitie34.fr\/?page_id=991"},"modified":"2025-10-13T21:15:19","modified_gmt":"2025-10-13T19:15:19","slug":"accueil2-2","status":"publish","type":"page","link":"https:\/\/sosamitie34.fr\/","title":{"rendered":"Accueil"},"content":{"rendered":"<p>[et_pb_section fb_built=\u00a0\u00bb1&Prime; fullwidth=\u00a0\u00bbon\u00a0\u00bb admin_label=\u00a0\u00bbSection\u00a0\u00bb _builder_version=\u00a0\u00bb3.22&Prime; global_colors_info=\u00a0\u00bb{}\u00a0\u00bb][et_pb_fullwidth_code admin_label=\u00a0\u00bbCode en pleine largeur\u00a0\u00bb global_colors_info=\u00a0\u00bb{}\u00a0\u00bb]<div id=\"metaslider-id-1690\" style=\"max-width: 1400px; margin: 0 auto;\" class=\"ml-slider-3-98-0 metaslider metaslider-flex metaslider-1690 ml-slider ms-theme-default\" role=\"region\" aria-roledescription=\"Slideshow\" aria-label=\"SLIDER-ACCUEIL\" data-width=\"1400\">\n    <div id=\"metaslider_container_1690\">\n        <div id=\"metaslider_1690\">\n            <ul class='slides'>\n                <li style=\"display: block; width: 100%;\" class=\"slide-1692 ms-image \" aria-roledescription=\"slide\" aria-label=\"slide-1692\" data-date=\"2020-10-07 21:13:41\"><img loading=\"lazy\" decoding=\"async\" src=\"https:\/\/sosamitie34.fr\/wp-content\/uploads\/2020\/10\/SOS_VISUEL_01_BANNIERE_TWITTER_1500X500-1400x320.jpg\" height=\"320\" width=\"1400\" alt=\"\" class=\"slider-1690 slide-1692\" \/><\/li>\n                <li style=\"display: none; width: 100%;\" class=\"slide-1694 ms-image \" aria-roledescription=\"slide\" aria-label=\"slide-1694\" data-date=\"2020-10-07 21:15:34\"><img loading=\"lazy\" decoding=\"async\" src=\"https:\/\/sosamitie34.fr\/wp-content\/uploads\/2020\/10\/SOS_VISUEL_02_BANNIERE_TWITTER_1500X500-1400x320.jpg\" height=\"320\" width=\"1400\" alt=\"\" class=\"slider-1690 slide-1694\" \/><\/li>\n                <li style=\"display: none; width: 100%;\" class=\"slide-1696 ms-image \" aria-roledescription=\"slide\" aria-label=\"slide-1696\" data-date=\"2020-10-07 21:16:12\"><img loading=\"lazy\" decoding=\"async\" src=\"https:\/\/sosamitie34.fr\/wp-content\/uploads\/2020\/10\/SOS_VISUEL_03_BANNIERE_TWITTER_1500X500-1400x320.jpg\" height=\"320\" width=\"1400\" alt=\"\" class=\"slider-1690 slide-1696\" \/><\/li>\n                <li style=\"display: none; width: 100%;\" class=\"slide-1698 ms-image \" aria-roledescription=\"slide\" aria-label=\"slide-1698\" data-date=\"2020-10-07 21:16:31\"><img loading=\"lazy\" decoding=\"async\" src=\"https:\/\/sosamitie34.fr\/wp-content\/uploads\/2020\/10\/SOS_VISUEL_04_BANNIERE_TWITTER_1500X500-1400x320.jpg\" height=\"320\" width=\"1400\" alt=\"\" class=\"slider-1690 slide-1698\" \/><\/li>\n                <li style=\"display: none; width: 100%;\" class=\"slide-1703 ms-image \" aria-roledescription=\"slide\" aria-label=\"slide-1703\" data-date=\"2020-10-07 21:39:29\"><img loading=\"lazy\" decoding=\"async\" src=\"https:\/\/sosamitie34.fr\/wp-content\/uploads\/2020\/10\/SOS_VISUEL_03_BANNIERE_TWITTER_1500X500-1400x320.jpg\" height=\"320\" width=\"1400\" alt=\"\" class=\"slider-1690 slide-1703\" \/><\/li>\n            <\/ul>\n        <\/div>\n        \n    <\/div>\n<\/div>[\/et_pb_fullwidth_code][\/et_pb_section][et_pb_section fb_built=\u00a0\u00bb1&Prime; admin_label=\u00a0\u00bbSection\u00a0\u00bb _builder_version=\u00a0\u00bb3.22&Prime; global_colors_info=\u00a0\u00bb{}\u00a0\u00bb][et_pb_row admin_label=\u00a0\u00bbLigne\u00a0\u00bb _builder_version=\u00a0\u00bb4.11.2&Prime; background_color=\u00a0\u00bb#FFFFFF\u00a0\u00bb background_size=\u00a0\u00bbinitial\u00a0\u00bb background_position=\u00a0\u00bbtop_left\u00a0\u00bb background_repeat=\u00a0\u00bbrepeat\u00a0\u00bb global_colors_info=\u00a0\u00bb{}\u00a0\u00bb][et_pb_column type=\u00a0\u00bb4_4&Prime; _builder_version=\u00a0\u00bb3.25&Prime; custom_padding=\u00a0\u00bb|||\u00a0\u00bb global_colors_info=\u00a0\u00bb{}\u00a0\u00bb custom_padding__hover=\u00a0\u00bb|||\u00a0\u00bb][et_pb_text admin_label=\u00a0\u00bbTexte\u00a0\u00bb _builder_version=\u00a0\u00bb4.11.2&Prime; background_color=\u00a0\u00bbrgba(224,212,208,0.08)\u00a0\u00bb background_size=\u00a0\u00bbinitial\u00a0\u00bb background_position=\u00a0\u00bbtop_left\u00a0\u00bb background_repeat=\u00a0\u00bbrepeat\u00a0\u00bb text_orientation=\u00a0\u00bbcenter\u00a0\u00bb module_alignment=\u00a0\u00bbcenter\u00a0\u00bb custom_padding=\u00a0\u00bb||10px|\u00a0\u00bb link_option_url=\u00a0\u00bbhttps:\/\/sosamitie34.fr\/?p=1887&Prime; border_width_all=\u00a0\u00bb2px\u00a0\u00bb border_color_all=\u00a0\u00bb#ed4321&Prime; border_style_all=\u00a0\u00bbdouble\u00a0\u00bb use_border_color=\u00a0\u00bbon\u00a0\u00bb border_color=\u00a0\u00bb#ed4321&Prime; border_width=\u00a0\u00bb2px\u00a0\u00bb border_style=\u00a0\u00bbdouble\u00a0\u00bb global_colors_info=\u00a0\u00bb{}\u00a0\u00bb]<\/p>\n<h3><a href=\"https:\/\/sosamitie34.fr\/?page_id=1163\"><img loading=\"lazy\" decoding=\"async\" class=\"alignleft wp-image-1380\" src=\"https:\/\/sosamitie34.fr\/wp-content\/uploads\/2018\/08\/Image_Actu2.jpg\" alt=\"\" width=\"181\" height=\"140\" srcset=\"https:\/\/sosamitie34.fr\/wp-content\/uploads\/2018\/08\/Image_Actu2.jpg 394w, https:\/\/sosamitie34.fr\/wp-content\/uploads\/2018\/08\/Image_Actu2-300x232.jpg 300w\" sizes=\"auto, (max-width: 181px) 100vw, 181px\" \/><\/a><\/h3>\n<h3><a href=\"https:\/\/sosamitie34.fr\/?p=1988\" target=\"_blank\" rel=\"noopener noreferrer\"><strong><b><span style=\"color: #e95e27;\"><span style=\"color: #ff5000;\">Jeudi 20 novembre 2025 \u00e0 19h &#8211; Concert de musique de chambre &#8211; Salle Moli\u00e8re<\/span><\/span><\/b><\/strong><\/a><\/h3>\n<p>[\/et_pb_text][\/et_pb_column][\/et_pb_row][\/et_pb_section][et_pb_section fb_built=\u00a0\u00bb1&Prime; _builder_version=\u00a0\u00bb4.11.2&Prime; _module_preset=\u00a0\u00bbdefault\u00a0\u00bb background_color=\u00a0\u00bb#00cd5a\u00a0\u00bb global_colors_info=\u00a0\u00bb{}\u00a0\u00bb][et_pb_row column_structure=\u00a0\u00bb1_3,1_3,1_3&Prime; _builder_version=\u00a0\u00bb4.11.2&Prime; _module_preset=\u00a0\u00bbdefault\u00a0\u00bb global_colors_info=\u00a0\u00bb{}\u00a0\u00bb][et_pb_column type=\u00a0\u00bb1_3&Prime; _builder_version=\u00a0\u00bb4.11.2&Prime; _module_preset=\u00a0\u00bbdefault\u00a0\u00bb global_colors_info=\u00a0\u00bb{}\u00a0\u00bb][et_pb_text _builder_version=\u00a0\u00bb4.11.2&Prime; _module_preset=\u00a0\u00bbdefault\u00a0\u00bb link_option_url_new_window=\u00a0\u00bbon\u00a0\u00bb hover_enabled=\u00a0\u00bb0&Prime; global_colors_info=\u00a0\u00bb{}\u00a0\u00bb sticky_enabled=\u00a0\u00bb0&Prime;]<\/p>\n<p><img loading=\"lazy\" decoding=\"async\" class=\"wp-image-1998 alignleft \" src=\"https:\/\/sosamitie34.fr\/wp-content\/uploads\/2025\/09\/Telephone-1024x1024.png\" alt=\"\" width=\"111\" height=\"111\" \/><\/p>\n<h4>Par t\u00e9l\u00e9phone<\/h4>\n<h3><strong>04 67 63 00 63<\/strong><\/h3>\n<h3><strong>09 72 39 40 50<\/strong><\/h3>\n<h4>7j\/7 et 24h\/24<\/h4>\n<p>[\/et_pb_text][\/et_pb_column][et_pb_column type=\u00a0\u00bb1_3&Prime; _builder_version=\u00a0\u00bb4.11.2&Prime; _module_preset=\u00a0\u00bbdefault\u00a0\u00bb global_colors_info=\u00a0\u00bb{}\u00a0\u00bb][et_pb_text admin_label=\u00a0\u00bbTexte\u00a0\u00bb _builder_version=\u00a0\u00bb4.11.2&Prime; _module_preset=\u00a0\u00bbdefault\u00a0\u00bb link_option_url=\u00a0\u00bbhttps:\/\/www.sos-amitie.com\/web\/internet\/chat\u00a0\u00bb link_option_url_new_window=\u00a0\u00bbon\u00a0\u00bb global_colors_info=\u00a0\u00bb{}\u00a0\u00bb]<\/p>\n<h4><img loading=\"lazy\" decoding=\"async\" class=\"wp-image-1999 alignleft \" src=\"https:\/\/sosamitie34.fr\/wp-content\/uploads\/2025\/09\/CHAT-1024x1024.png\" alt=\"\" width=\"111\" height=\"111\" \/>Par Chat,<\/h4>\n<h4>tous les jours<\/h4>\n<h4>de 13h \u00e0 3h,<\/h4>\n<p>[\/et_pb_text][\/et_pb_column][et_pb_column type=\u00a0\u00bb1_3&Prime; _builder_version=\u00a0\u00bb4.11.2&Prime; _module_preset=\u00a0\u00bbdefault\u00a0\u00bb global_colors_info=\u00a0\u00bb{}\u00a0\u00bb][et_pb_text _builder_version=\u00a0\u00bb4.11.2&Prime; _module_preset=\u00a0\u00bbdefault\u00a0\u00bb link_option_url=\u00a0\u00bbhttps:\/\/www.sosamitie.org\/besoin-aide\/messagerie\u00a0\u00bb link_option_url_new_window=\u00a0\u00bbon\u00a0\u00bb global_colors_info=\u00a0\u00bb{}\u00a0\u00bb]<\/p>\n<h4><img loading=\"lazy\" decoding=\"async\" class=\"wp-image-2000 alignleft \" src=\"https:\/\/sosamitie34.fr\/wp-content\/uploads\/2025\/09\/Messagerie-1024x1024.png\" alt=\"\" width=\"111\" height=\"111\" \/>Par messagerie<\/h4>\n<h4>R\u00e9ponse<\/h4>\n<h4>sous 48h<\/h4>\n<p>[\/et_pb_text][\/et_pb_column][\/et_pb_row][\/et_pb_section][et_pb_section fb_built=\u00a0\u00bb1&Prime; admin_label=\u00a0\u00bbSection\u00a0\u00bb _builder_version=\u00a0\u00bb3.22&Prime; transparent_background=\u00a0\u00bboff\u00a0\u00bb make_fullwidth=\u00a0\u00bboff\u00a0\u00bb use_custom_width=\u00a0\u00bboff\u00a0\u00bb width_unit=\u00a0\u00bbon\u00a0\u00bb global_colors_info=\u00a0\u00bb{}\u00a0\u00bb][et_pb_row column_structure=\u00a0\u00bb1_3,1_3,1_3&Prime; _builder_version=\u00a0\u00bb4.11.2&Prime; _module_preset=\u00a0\u00bbdefault\u00a0\u00bb global_colors_info=\u00a0\u00bb{}\u00a0\u00bb][et_pb_column type=\u00a0\u00bb1_3&Prime; _builder_version=\u00a0\u00bb4.11.2&Prime; _module_preset=\u00a0\u00bbdefault\u00a0\u00bb global_colors_info=\u00a0\u00bb{}\u00a0\u00bb][et_pb_text _builder_version=\u00a0\u00bb4.11.2&Prime; _module_preset=\u00a0\u00bbdefault\u00a0\u00bb global_colors_info=\u00a0\u00bb{}\u00a0\u00bb]<\/p>\n<h1>QUI APPELLE\u00a0?<\/h1>\n<p><strong>SOLITUDE, PROBL\u00c8MES FAMILIAUX, AN\u00adGOISSE, IDENTIT\u00c9 SEXUELLE, DIFFICULT\u00c9S \u00c0 VIVRE DANS UNE SOCI\u00c9T\u00c9 EN PLEINE MUTA\u00adTION \u2026 <\/strong><\/p>\n<p>Chaque jour, l\u2019association re\u00e7oit des appels d\u2019hommes, de femmes, jeunes et moins jeunes, de tous horizons, urbain, rural, de tous milieux sociaux.<\/p>\n<p>S.O.S AMITI\u00c9 offre la possibilit\u00e9 de \u00ab\u00a0mettre des mots sur des maux\u00a0\u00bb. Le fait d\u2019\u00eatre \u00e9cout\u00e9 et entendu permet souvent de clarifier une situation et ainsi de prendre le recul n\u00e9cessaire pour retrouver le sens de sa vie.<\/p>\n<p><strong>Le caract\u00e8re confidentiel des propos et l\u2019anonymat sont des imp\u00e9ratifs absolus de notre \u00e9coute<\/strong>, qui favorisent la libre ex\u00adpression de celles et ceux qui appellent\u00a0\u2026<\/p>\n<p><span style=\"color: #00cdf5;\"><strong>L\u2019\u00e9coute est centr\u00e9e sur la personne. Elle vise \u00e0 desserrer son angoisse.<\/strong><\/span><\/p>\n<p>[\/et_pb_text][\/et_pb_column][et_pb_column type=\u00a0\u00bb1_3&Prime; _builder_version=\u00a0\u00bb4.11.2&Prime; _module_preset=\u00a0\u00bbdefault\u00a0\u00bb global_colors_info=\u00a0\u00bb{}\u00a0\u00bb][et_pb_text _builder_version=\u00a0\u00bb4.11.2&Prime; _module_preset=\u00a0\u00bbdefault\u00a0\u00bb global_colors_info=\u00a0\u00bb{}\u00a0\u00bb]<\/p>\n<h1>QUI R\u00c9POND ?<\/h1>\n<p><strong>LES \u00c9COUTANTS SONT ISSUS DE TOUS LES MILIEUX DE LA SOCI\u00c9T\u00c9, CE QUI CONSTITUE UN FACTEUR D\u2019\u00c9QUILIBRE DE L\u2019ASSOCIA\u00adTION.<\/strong><\/p>\n<p>Disponibles partout en France, ils re\u00e7oivent une formation de qualit\u00e9, gage de s\u00e9rieux pour la personne qui appelle.<\/p>\n<p>Les permanences d\u2019\u00e9coute sont assur\u00e9es en des lieux anonymes, r\u00e9serv\u00e9s \u00e0 cet effet.<\/p>\n<p><strong>Charte \u00e9thique S.O.S Amiti\u00e9<\/strong><\/p>\n<p><span style=\"color: #eb00ff;\"><strong>\u00ab\u00a0Ouverte \u00e0 toute personne en \u00e9tat de crise, S.O.S Amiti\u00e9 offre une aide sous la forme d\u2019une \u00e9coute attentive et sans id\u00e9e pr\u00e9con\u00e7ue, anonyme et confidentielle. S.O.S\u00a0Amiti\u00e9 s\u2019engage \u00e0 respecter l\u2019ano\u00adnymat des personnes, de celle qui appelle et celle qui \u00e9coute\u00a0\u00bb.<\/strong><\/span><\/p>\n<p>[\/et_pb_text][\/et_pb_column][et_pb_column type=\u00a0\u00bb1_3&Prime; _builder_version=\u00a0\u00bb4.11.2&Prime; _module_preset=\u00a0\u00bbdefault\u00a0\u00bb global_colors_info=\u00a0\u00bb{}\u00a0\u00bb][et_pb_text _builder_version=\u00a0\u00bb4.11.2&Prime; _module_preset=\u00a0\u00bbdefault\u00a0\u00bb global_colors_info=\u00a0\u00bb{}\u00a0\u00bb]<\/p>\n<h1>DEVENEZ \u00c9COUTANT !<\/h1>\n<p><strong>S.O.S AMITI\u00c9 RE\u00c7OIT PLUS DE 3,7 MILLIONS D\u2019APPELS PAR AN, MAIS NE PEUT R\u00c9PONDRE QU\u2019\u00c0 1 APPEL SUR 6 \u2026<\/strong><\/p>\n<p><strong>Ces nombreux appelants ont un besoin imp\u00e9rieux d\u2019\u00e9coute, de lien, mais ils of\u00adfrent aussi bien souvent des occasions de rencontres intenses et riches pour ceux qui re\u00e7oivent leurs appels.<\/strong><\/p>\n<p>Nous cherchons activement des b\u00e9n\u00e9\u00advoles pour\u00a0faire face aux besoins crois\u00adsants et renouveler nos \u00e9quipes.<\/p>\n<p>Nos \u00e9coutants b\u00e9n\u00e9ficient d\u2019une formation th\u00e9orique et pratique \u00e9prouv\u00e9e afin de les pr\u00e9parer \u00e0 leur mission d\u2019\u00e9coute.<\/p>\n<p><span style=\"color: #00cd5a;\"><strong>Si vous disposez de quelques heures dans la semaine, posez votre candidature <a href=\"https:\/\/sosamitie34.fr\/?page_id=1912\">ici<\/a><\/strong><\/span><\/p>\n<p>[\/et_pb_text][\/et_pb_column][\/et_pb_row][\/et_pb_section]<\/p>\n","protected":false},"excerpt":{"rendered":"<p><div id=\"metaslider-id-1690\" style=\"max-width: 1400px; margin: 0 auto;\" class=\"ml-slider-3-98-0 metaslider metaslider-flex metaslider-1690 ml-slider ms-theme-default\" role=\"region\" aria-roledescription=\"Slideshow\" aria-label=\"SLIDER-ACCUEIL\" data-width=\"1400\">\n    <div id=\"metaslider_container_1690\">\n        <div id=\"metaslider_1690\">\n            <ul class='slides'>\n                <li style=\"display: block; width: 100%;\" class=\"slide-1692 ms-image \" aria-roledescription=\"slide\" aria-label=\"slide-1692\" data-date=\"2020-10-07 21:13:41\"><img loading=\"lazy\" decoding=\"async\" src=\"https:\/\/sosamitie34.fr\/wp-content\/uploads\/2020\/10\/SOS_VISUEL_01_BANNIERE_TWITTER_1500X500-1400x320.jpg\" height=\"320\" width=\"1400\" alt=\"\" class=\"slider-1690 slide-1692\" \/><\/li>\n                <li style=\"display: none; width: 100%;\" class=\"slide-1694 ms-image \" aria-roledescription=\"slide\" aria-label=\"slide-1694\" data-date=\"2020-10-07 21:15:34\"><img loading=\"lazy\" decoding=\"async\" src=\"https:\/\/sosamitie34.fr\/wp-content\/uploads\/2020\/10\/SOS_VISUEL_02_BANNIERE_TWITTER_1500X500-1400x320.jpg\" height=\"320\" width=\"1400\" alt=\"\" class=\"slider-1690 slide-1694\" \/><\/li>\n                <li style=\"display: none; width: 100%;\" class=\"slide-1696 ms-image \" aria-roledescription=\"slide\" aria-label=\"slide-1696\" data-date=\"2020-10-07 21:16:12\"><img loading=\"lazy\" decoding=\"async\" src=\"https:\/\/sosamitie34.fr\/wp-content\/uploads\/2020\/10\/SOS_VISUEL_03_BANNIERE_TWITTER_1500X500-1400x320.jpg\" height=\"320\" width=\"1400\" alt=\"\" class=\"slider-1690 slide-1696\" \/><\/li>\n                <li style=\"display: none; width: 100%;\" class=\"slide-1698 ms-image \" aria-roledescription=\"slide\" aria-label=\"slide-1698\" data-date=\"2020-10-07 21:16:31\"><img loading=\"lazy\" decoding=\"async\" src=\"https:\/\/sosamitie34.fr\/wp-content\/uploads\/2020\/10\/SOS_VISUEL_04_BANNIERE_TWITTER_1500X500-1400x320.jpg\" height=\"320\" width=\"1400\" alt=\"\" class=\"slider-1690 slide-1698\" \/><\/li>\n                <li style=\"display: none; width: 100%;\" class=\"slide-1703 ms-image \" aria-roledescription=\"slide\" aria-label=\"slide-1703\" data-date=\"2020-10-07 21:39:29\"><img loading=\"lazy\" decoding=\"async\" src=\"https:\/\/sosamitie34.fr\/wp-content\/uploads\/2020\/10\/SOS_VISUEL_03_BANNIERE_TWITTER_1500X500-1400x320.jpg\" height=\"320\" width=\"1400\" alt=\"\" class=\"slider-1690 slide-1703\" \/><\/li>\n            <\/ul>\n        <\/div>\n        \n    <\/div>\n<\/div> Jeudi 20 novembre 2025 \u00e0 19h &#8211; Concert de musique de chambre &#8211; Salle Moli\u00e8re Par t\u00e9l\u00e9phone 04 67 63 00 63 09 72 39 40 50 7j\/7 et 24h\/24Par Chat, tous les jours de 13h \u00e0 3h,Par messagerie R\u00e9ponse sous 48hQUI APPELLE\u00a0? SOLITUDE, PROBL\u00c8MES FAMILIAUX, AN\u00adGOISSE, IDENTIT\u00c9 SEXUELLE, DIFFICULT\u00c9S \u00c0 VIVRE DANS [&hellip;]<\/p>\n","protected":false},"author":1,"featured_media":0,"parent":0,"menu_order":0,"comment_status":"closed","ping_status":"closed","template":"","meta":{"_et_pb_use_builder":"on","_et_pb_old_content":"","_et_gb_content_width":"","footnotes":""},"class_list":["post-991","page","type-page","status-publish","hentry"],"_links":{"self":[{"href":"https:\/\/sosamitie34.fr\/index.php?rest_route=\/wp\/v2\/pages\/991","targetHints":{"allow":["GET"]}}],"collection":[{"href":"https:\/\/sosamitie34.fr\/index.php?rest_route=\/wp\/v2\/pages"}],"about":[{"href":"https:\/\/sosamitie34.fr\/index.php?rest_route=\/wp\/v2\/types\/page"}],"author":[{"embeddable":true,"href":"https:\/\/sosamitie34.fr\/index.php?rest_route=\/wp\/v2\/users\/1"}],"replies":[{"embeddable":true,"href":"https:\/\/sosamitie34.fr\/index.php?rest_route=%2Fwp%2Fv2%2Fcomments&post=991"}],"version-history":[{"count":237,"href":"https:\/\/sosamitie34.fr\/index.php?rest_route=\/wp\/v2\/pages\/991\/revisions"}],"predecessor-version":[{"id":2069,"href":"https:\/\/sosamitie34.fr\/index.php?rest_route=\/wp\/v2\/pages\/991\/revisions\/2069"}],"wp:attachment":[{"href":"https:\/\/sosamitie34.fr\/index.php?rest_route=%2Fwp%2Fv2%2Fmedia&parent=991"}],"curies":[{"name":"wp","href":"https:\/\/api.w.org\/{rel}","templated":true}]}}