{"id":26,"date":"2017-02-18T08:49:07","date_gmt":"2017-02-18T07:49:07","guid":{"rendered":"http:\/\/sosamitie34.fr\/?page_id=26"},"modified":"2025-09-22T21:01:43","modified_gmt":"2025-09-22T19:01:43","slug":"nous-connaitre","status":"publish","type":"page","link":"https:\/\/sosamitie34.fr\/?page_id=26","title":{"rendered":"Nous conna\u00eetre"},"content":{"rendered":"<p>[et_pb_section][et_pb_row][et_pb_column type=\u00a0\u00bb4_4&Prime;][et_pb_text]<\/p>\n<p>[vc_row][vc_column width=\u00a0\u00bb1\/3&Prime; css=\u00a0\u00bb.vc_custom_1504452239872{margin-top: 0px !important;margin-right: 0px !important;margin-left: 0px !important;border-right-width: 2px !important;border-bottom-width: 2px !important;border-left-width: 2px !important;padding-right: 10px !important;padding-left: 10px !important;}\u00a0\u00bb][vc_single_image image=\u00a0\u00bb476&Prime; img_size=\u00a0\u00bbmedium\u00a0\u00bb alignment=\u00a0\u00bbright\u00a0\u00bb][\/vc_column][vc_column width=\u00a0\u00bb1\/3&Prime; css=\u00a0\u00bb.vc_custom_1504452248943{margin-bottom: 0px !important;border-right-width: 2px !important;border-bottom-width: 2px !important;border-left-width: 2px !important;padding-right: 10px !important;padding-left: 10px !important;}\u00a0\u00bb][vc_single_image image=\u00a0\u00bb477&Prime; img_size=\u00a0\u00bbmedium\u00a0\u00bb alignment=\u00a0\u00bbcenter\u00a0\u00bb][\/vc_column][vc_column width=\u00a0\u00bb1\/3&Prime; css=\u00a0\u00bb.vc_custom_1504452256599{border-right-width: 2px !important;border-bottom-width: 2px !important;border-left-width: 2px !important;padding-right: 10px !important;padding-left: 10px !important;}\u00a0\u00bb][vc_single_image image=\u00a0\u00bb478&Prime; img_size=\u00a0\u00bbmedium\u00a0\u00bb][\/vc_column][\/vc_row][vc_row][vc_column width=\u00a0\u00bb1\/3&Prime; css=\u00a0\u00bb.vc_custom_1488536855664{margin-top: 0px !important;margin-right: 0px !important;margin-bottom: 2px !important;margin-left: 0px !important;border-top-width: 2px !important;border-right-width: 2px !important;border-bottom-width: 2px !important;border-left-width: 2px !important;background-color: #f9f9f9 !important;border-left-color: #0db14b !important;border-left-style: solid !important;border-right-color: #0db14b !important;border-right-style: solid !important;border-top-color: #0db14b !important;border-top-style: solid !important;border-bottom-color: #0db14b !important;border-bottom-style: solid !important;border-radius: 2px !important;}\u00a0\u00bb][vc_column_text]<\/p>\n<h5>La charte \u00e9thique de S.O.S Amiti\u00e9<\/h5>\n<div class=\"bloc-vert\">S.O.S Amiti\u00e9 a tr\u00e8s t\u00f4t estim\u00e9 n\u00e9cessaire de r\u00e9diger une Charte \u00e9thique qui encadre et pr\u00e9cise les conditions de son \u00e9coute. Le respect de ses principes s&rsquo;impose \u00e0 tout \u00e9coutant. Le texte actuel a \u00e9t\u00e9 l\u00e9g\u00e8rement modifi\u00e9 en 2007, en particulier pour y inclure, en plus du t\u00e9l\u00e9phone, les nouvelles modalit\u00e9s d&rsquo;\u00e9coute par internet. . <a href=\"https:\/\/www.sos-amitie.com\/documents\/27992\/0\/Charte\/5004976f-761d-469d-8fd9-2e4b4447c1cb\"><span style=\"color: #0db14b;\">Lire ici<\/span><\/a><\/div>\n<p>[\/vc_column_text][\/vc_column][vc_column width=\u00a0\u00bb1\/3&Prime; css=\u00a0\u00bb.vc_custom_1488536869751{margin-top: 50px !important;margin-right: 3px !important;margin-bottom: 0px !important;margin-left: 2px !important;border-top-width: 2px !important;border-right-width: 2px !important;border-bottom-width: 2px !important;border-left-width: 2px !important;background-color: #f9f9f9 !important;border-left-color: #0db14b !important;border-left-style: solid !important;border-right-color: #0db14b !important;border-right-style: solid !important;border-top-color: #0db14b !important;border-top-style: solid !important;border-bottom-color: #0db14b !important;border-bottom-style: solid !important;border-radius: 2px !important;}\u00a0\u00bb][vc_column_text]<\/p>\n<h4>Le service d&rsquo;aide par l&rsquo;\u00e9coute<\/h4>\n<p>&nbsp;<\/p>\n<div class=\"cadre-vert\">\n<p>S.O.S Amiti\u00e9 est une association \u00ab\u00a0reconnue d&rsquo;utilit\u00e9 publique\u00a0\u00bb, dont l&rsquo;objectif premier, mais non exclusif, est la pr\u00e9vention du suicide.Ouvert \u00e0 la parole de toute personne en \u00e9tat de crise, S.O.S Amiti\u00e9 offre une aide sous la forme d&rsquo;une \u00e9coute attentive et sans id\u00e9e pr\u00e9con\u00e7ue.<\/p>\n<p>Le <strong>T\u00c9L\u00c9PHONE <\/strong>est le premier moyen choisi pour r\u00e9pondre \u00e0 l&rsquo;urgence des situations. S.O.S Amiti\u00e9 s&rsquo;engage \u00e0 respecter l&rsquo;anonymat de la personne, celle qui appelle et celle qui \u00e9coute. Tout autre moyen technique utilis\u00e9 r\u00e9pondra \u00e0 cet engagement.<br \/>\nS.O.S Amiti\u00e9 met tout en \u0153uvre pour assurer une pr\u00e9sence et une disponibilit\u00e9 dans tous ses postes d&rsquo;\u00e9coute, 24 heures sur 24, du 1<sup>er<\/sup> janvier au 31 d\u00e9cembre.L&rsquo;\u00e9coute est non directive. Elle est centr\u00e9e sur la personne qui appelle S.O.S Amiti\u00e9. Elle vise \u00e0 desserrer son angoisse. Elle tente de lui permettre de clarifier sa situation et de retrouver sa propre initiative.<\/p>\n<p>Elle est assur\u00e9e par des b\u00e9n\u00e9voles, respectueux de la personne qui appelle, quels que soient ses origines, ses convictions, son comportement.<\/p>\n<p>Cela implique que S.O.S Amiti\u00e9 soit ind\u00e9pendant de tout mouvement politique, confessionnel, id\u00e9ologique, social ou caritatif.<\/p>\n<p>Les permanences d&rsquo;\u00e9coute sont assur\u00e9es en un lieu anonyme, r\u00e9serv\u00e9 \u00e0 cet effet. Le caract\u00e8re confidentiel des propos et l&rsquo;anonymat des \u00e9coutants sont les imp\u00e9ratifs absolus du service qui tendent \u00e0 favoriser la libre expression de celles et ceux qui appellent S.O.S Amiti\u00e9.<\/p>\n<\/div>\n<p>[\/vc_column_text][\/vc_column][vc_column width=\u00a0\u00bb1\/3&Prime; css=\u00a0\u00bb.vc_custom_1488536884006{margin-top: 30px !important;margin-right: 3px !important;margin-bottom: 0px !important;margin-left: 3px !important;border-top-width: 2px !important;border-right-width: 2px !important;border-bottom-width: 2px !important;border-left-width: 2px !important;background-color: #f9f9f9 !important;border-left-color: #0db14b !important;border-left-style: solid !important;border-right-color: #0db14b !important;border-right-style: solid !important;border-top-color: #0db14b !important;border-top-style: solid !important;border-bottom-color: #0db14b !important;border-bottom-style: solid !important;border-radius: 2px !important;}\u00a0\u00bb][vc_column_text]<\/p>\n<h4>L&rsquo;\u00e9coutant<\/h4>\n<p>La qualit\u00e9 de l&rsquo;\u00e9coute individuelle s&rsquo;enracine dans un travail d&rsquo;\u00e9quipe. \u00catre \u00e9coutant requiert des aptitudes. Il y a donc n\u00e9cessit\u00e9 de s\u00e9lection et de formation.<\/p>\n<p>La <strong>S\u00c9LECTION<\/strong> a pour objet de s&rsquo;assurer :<\/p>\n<ul>\n<li>de l&rsquo;aptitude du candidat \u00e0 l&rsquo;\u00e9coute,<\/li>\n<li>de ses dispositions \u00e0 travailler en \u00e9quipe,<\/li>\n<li>de sa facult\u00e9 de remise en question personnelle, indispensable \u00e0 l&rsquo;exercice de la fonction.<\/li>\n<\/ul>\n<p>Le <strong>RECRUTEMENT <\/strong>large et vari\u00e9, puisant dans tous les milieux de la soci\u00e9t\u00e9, constitue un facteur d&rsquo;\u00e9quilibre de l&rsquo;association.<\/p>\n<p>La <strong>FORMATION INITIALE<\/strong>, dont les objectifs sont d\u00e9finis par l&rsquo;association, est indispensable et obligatoire. Elle est organis\u00e9e en groupe, avec des formateurs qualifi\u00e9s.<\/p>\n<p>Elle est centr\u00e9e sur les crit\u00e8res essentiels de S.O.S Amiti\u00e9 : anonymat et non-directivit\u00e9 dont elle int\u00e8gre la pratique dans une \u00e9coute de qualit\u00e9.<\/p>\n<p>Au terme de la formation initiale, le candidat pr\u00e9cise son engagement, en accord avec les exigences du service :<\/p>\n<ul>\n<li>assurer une \u00e9coute fr\u00e9quente et r\u00e9guli\u00e8re,<\/li>\n<li>participer obligatoirement aux partages supervis\u00e9s,<\/li>\n<li>participer avec assiduit\u00e9 \u00e0 la formation continue,<\/li>\n<li>contribuer \u00e0 la vie de l&rsquo;association.<\/li>\n<\/ul>\n<p>La <strong>FORMATION CONTINUE <\/strong>mise en place par l&rsquo;association s&rsquo;impose en permanence \u00e0 l&rsquo;\u00e9coutant comme un besoin et une n\u00e9cessit\u00e9. Elle est effectu\u00e9e en situation, avec les apports th\u00e9oriques jug\u00e9s utiles.<\/p>\n<p>L&rsquo;\u00e9coutant s&rsquo;oblige \u00e0 une \u00e9valuation r\u00e9guli\u00e8re de son parcours. Selon les modalit\u00e9s fix\u00e9es par l&rsquo;institution, et au moins tous les quatre ans, il participe \u00e0 une r\u00e9flexion quant \u00e0 la poursuite de son activit\u00e9 d&rsquo;\u00e9coutant.<\/p>\n<h3>Ecoute, Solidarit\u00e9, Soci\u00e9t\u00e9<\/h3>\n<p>Ph\u00e9nom\u00e8ne de soci\u00e9t\u00e9, les moyens de communication se d\u00e9veloppent sans cesse et, paradoxalement, l&rsquo;individu \u2013 en l&rsquo;absence d&rsquo;une \u00e9coute de sa parole \u2013 est plus que jamais confront\u00e9 \u00e0 la solitude.<\/p>\n<p>Cette situation engage S.O.S Amiti\u00e9 et ses membres \u00e0 promouvoir une attitude d&rsquo;\u00e9coute mutuelle au sein de la soci\u00e9t\u00e9.<\/p>\n<p>Dans le respect de son \u00e9thique, S.O.S Amiti\u00e9 est proche de toute forme d&rsquo;aide mettant en \u0153uvre l&rsquo;\u00e9coute d\u00e9sint\u00e9ress\u00e9e de l&rsquo;autre. S.O.S Amiti\u00e9 participe \u00e0 la r\u00e9flexion sur les probl\u00e8mes psychologiques et sociaux de son temps et d\u00e9veloppe des \u00e9changes aux niveaux r\u00e9gional, national et \u00a0international, notamment au sein de l&rsquo;UNPS (Union Nationale pour la Pr\u00e9vention du Suicide) et de l&rsquo;IFOTES[\/vc_column_text][\/vc_column][\/vc_row][vc_row][vc_column][vc_column_text]<\/p>\n<p>[\/vc_column_text][\/vc_column][\/vc_row]<\/p>\n<p>[\/et_pb_text][\/et_pb_column][\/et_pb_row][\/et_pb_section]<\/p>\n","protected":false},"excerpt":{"rendered":"<p><div class=\"et_pb_section et_pb_section_0 et_section_regular\" >\n\t\t\t\t\n\t\t\t\t\n\t\t\t\t\n\t\t\t\t\n\t\t\t\t\t\n\t\t\t\t\n\t\t\t\t\n\t\t\t<\/div><div class=\"et_pb_row et_pb_row_0 et_pb_row_empty\">\n\t\t\t\t\n\t\t\t\t\n\t\t\t\t\n\t\t\t<\/div><div class=\"et_pb_module et_pb_text et_pb_text_0  et_pb_text_align_left et_pb_bg_layout_light\">\n\t\t\t\t\n\t\t\t\t\n\t\t\t\t\n\t\t\t<\/div> [vc_row][vc_column width=\u00a0\u00bb1\/3&Prime; css=\u00a0\u00bb.vc_custom_1504452239872{margin-top: 0px !important;margin-right: 0px !important;margin-left: 0px !important;border-right-width: 2px !important;border-bottom-width: 2px !important;border-left-width: 2px !important;padding-right: 10px !important;padding-left: 10px !important;}\u00a0\u00bb][vc_single_image image=\u00a0\u00bb476&Prime; img_size=\u00a0\u00bbmedium\u00a0\u00bb alignment=\u00a0\u00bbright\u00a0\u00bb][\/vc_column][vc_column width=\u00a0\u00bb1\/3&Prime; css=\u00a0\u00bb.vc_custom_1504452248943{margin-bottom: 0px !important;border-right-width: 2px !important;border-bottom-width: 2px !important;border-left-width: 2px !important;padding-right: 10px !important;padding-left: 10px !important;}\u00a0\u00bb][vc_single_image image=\u00a0\u00bb477&Prime; img_size=\u00a0\u00bbmedium\u00a0\u00bb alignment=\u00a0\u00bbcenter\u00a0\u00bb][\/vc_column][vc_column width=\u00a0\u00bb1\/3&Prime; css=\u00a0\u00bb.vc_custom_1504452256599{border-right-width: 2px !important;border-bottom-width: 2px !important;border-left-width: 2px !important;padding-right: 10px !important;padding-left: 10px !important;}\u00a0\u00bb][vc_single_image image=\u00a0\u00bb478&Prime; img_size=\u00a0\u00bbmedium\u00a0\u00bb][\/vc_column][\/vc_row][vc_row][vc_column width=\u00a0\u00bb1\/3&Prime; [&hellip;]<\/p>\n","protected":false},"author":1,"featured_media":0,"parent":0,"menu_order":0,"comment_status":"closed","ping_status":"closed","template":"","meta":{"_et_pb_use_builder":"on","_et_pb_old_content":"<p>[vc_row][vc_column width=\"1\/3\" css=\".vc_custom_1504452239872{margin-top: 0px !important;margin-right: 0px !important;margin-left: 0px !important;border-right-width: 2px !important;border-bottom-width: 2px !important;border-left-width: 2px !important;padding-right: 10px !important;padding-left: 10px !important;}\"][vc_single_image image=\"476\" img_size=\"medium\" alignment=\"right\"][\/vc_column][vc_column width=\"1\/3\" css=\".vc_custom_1504452248943{margin-bottom: 0px !important;border-right-width: 2px !important;border-bottom-width: 2px !important;border-left-width: 2px !important;padding-right: 10px !important;padding-left: 10px !important;}\"][vc_single_image image=\"477\" img_size=\"medium\" alignment=\"center\"][\/vc_column][vc_column width=\"1\/3\" css=\".vc_custom_1504452256599{border-right-width: 2px !important;border-bottom-width: 2px !important;border-left-width: 2px !important;padding-right: 10px !important;padding-left: 10px !important;}\"][vc_single_image image=\"478\" img_size=\"medium\"][\/vc_column][\/vc_row][vc_row][vc_column width=\"1\/3\" css=\".vc_custom_1488536855664{margin-top: 0px !important;margin-right: 0px !important;margin-bottom: 2px !important;margin-left: 0px !important;border-top-width: 2px !important;border-right-width: 2px !important;border-bottom-width: 2px !important;border-left-width: 2px !important;background-color: #f9f9f9 !important;border-left-color: #0db14b !important;border-left-style: solid !important;border-right-color: #0db14b !important;border-right-style: solid !important;border-top-color: #0db14b !important;border-top-style: solid !important;border-bottom-color: #0db14b !important;border-bottom-style: solid !important;border-radius: 2px !important;}\"][vc_column_text]<\/p><h5>La charte \u00e9thique de S.O.S Amiti\u00e9<\/h5><div class=\"bloc-vert\">S.O.S Amiti\u00e9 a tr\u00e8s t\u00f4t estim\u00e9 n\u00e9cessaire de r\u00e9diger une Charte \u00e9thique qui encadre et pr\u00e9cise les conditions de son \u00e9coute. Le respect de ses principes s'impose \u00e0 tout \u00e9coutant. Le texte actuel a \u00e9t\u00e9 l\u00e9g\u00e8rement modifi\u00e9 en 2007, en particulier pour y inclure, en plus du t\u00e9l\u00e9phone, les nouvelles modalit\u00e9s d'\u00e9coute par internet. . <a href=\"https:\/\/www.sos-amitie.com\/documents\/27992\/0\/Charte\/5004976f-761d-469d-8fd9-2e4b4447c1cb\"><span style=\"color: #0db14b;\">Lire ici<\/span><\/a><\/div><p>[\/vc_column_text][\/vc_column][vc_column width=\"1\/3\" css=\".vc_custom_1488536869751{margin-top: 50px !important;margin-right: 3px !important;margin-bottom: 0px !important;margin-left: 2px !important;border-top-width: 2px !important;border-right-width: 2px !important;border-bottom-width: 2px !important;border-left-width: 2px !important;background-color: #f9f9f9 !important;border-left-color: #0db14b !important;border-left-style: solid !important;border-right-color: #0db14b !important;border-right-style: solid !important;border-top-color: #0db14b !important;border-top-style: solid !important;border-bottom-color: #0db14b !important;border-bottom-style: solid !important;border-radius: 2px !important;}\"][vc_column_text]<\/p><h4>Le service d'aide par l'\u00e9coute<\/h4><p>\u00a0<\/p><div class=\"cadre-vert\"><p>S.O.S Amiti\u00e9 est une association \"reconnue d'utilit\u00e9 publique\", dont l'objectif premier, mais non exclusif, est la pr\u00e9vention du suicide.Ouvert \u00e0 la parole de toute personne en \u00e9tat de crise, S.O.S Amiti\u00e9 offre une aide sous la forme d'une \u00e9coute attentive et sans id\u00e9e pr\u00e9con\u00e7ue.<\/p><p>Le <strong>T\u00c9L\u00c9PHONE <\/strong>est le premier moyen choisi pour r\u00e9pondre \u00e0 l'urgence des situations. S.O.S Amiti\u00e9 s'engage \u00e0 respecter l'anonymat de la personne, celle qui appelle et celle qui \u00e9coute. Tout autre moyen technique utilis\u00e9 r\u00e9pondra \u00e0 cet engagement.<br \/>S.O.S Amiti\u00e9 met tout en \u0153uvre pour assurer une pr\u00e9sence et une disponibilit\u00e9 dans tous ses postes d'\u00e9coute, 24 heures sur 24, du 1<sup>er<\/sup> janvier au 31 d\u00e9cembre.L'\u00e9coute est non directive. Elle est centr\u00e9e sur la personne qui appelle S.O.S Amiti\u00e9. Elle vise \u00e0 desserrer son angoisse. Elle tente de lui permettre de clarifier sa situation et de retrouver sa propre initiative.<\/p><p>Elle est assur\u00e9e par des b\u00e9n\u00e9voles, respectueux de la personne qui appelle, quels que soient ses origines, ses convictions, son comportement.<\/p><p>Cela implique que S.O.S Amiti\u00e9 soit ind\u00e9pendant de tout mouvement politique, confessionnel, id\u00e9ologique, social ou caritatif.<\/p><p>Les permanences d'\u00e9coute sont assur\u00e9es en un lieu anonyme, r\u00e9serv\u00e9 \u00e0 cet effet. Le caract\u00e8re confidentiel des propos et l'anonymat des \u00e9coutants sont les imp\u00e9ratifs absolus du service qui tendent \u00e0 favoriser la libre expression de celles et ceux qui appellent S.O.S Amiti\u00e9.<\/p><\/div><p>[\/vc_column_text][\/vc_column][vc_column width=\"1\/3\" css=\".vc_custom_1488536884006{margin-top: 30px !important;margin-right: 3px !important;margin-bottom: 0px !important;margin-left: 3px !important;border-top-width: 2px !important;border-right-width: 2px !important;border-bottom-width: 2px !important;border-left-width: 2px !important;background-color: #f9f9f9 !important;border-left-color: #0db14b !important;border-left-style: solid !important;border-right-color: #0db14b !important;border-right-style: solid !important;border-top-color: #0db14b !important;border-top-style: solid !important;border-bottom-color: #0db14b !important;border-bottom-style: solid !important;border-radius: 2px !important;}\"][vc_column_text]<\/p><h4>L'\u00e9coutant<\/h4><p>La qualit\u00e9 de l'\u00e9coute individuelle s'enracine dans un travail d'\u00e9quipe. \u00catre \u00e9coutant requiert des aptitudes. Il y a donc n\u00e9cessit\u00e9 de s\u00e9lection et de formation.<\/p><p>La <strong>S\u00c9LECTION<\/strong> a pour objet de s'assurer :<\/p><ul><li>de l'aptitude du candidat \u00e0 l'\u00e9coute,<\/li><li>de ses dispositions \u00e0 travailler en \u00e9quipe,<\/li><li>de sa facult\u00e9 de remise en question personnelle, indispensable \u00e0 l'exercice de la fonction.<\/li><\/ul><p>Le <strong>RECRUTEMENT <\/strong>large et vari\u00e9, puisant dans tous les milieux de la soci\u00e9t\u00e9, constitue un facteur d'\u00e9quilibre de l'association.<\/p><p>La <strong>FORMATION INITIALE<\/strong>, dont les objectifs sont d\u00e9finis par l'association, est indispensable et obligatoire. Elle est organis\u00e9e en groupe, avec des formateurs qualifi\u00e9s.<\/p><p>Elle est centr\u00e9e sur les crit\u00e8res essentiels de S.O.S Amiti\u00e9 : anonymat et non-directivit\u00e9 dont elle int\u00e8gre la pratique dans une \u00e9coute de qualit\u00e9.<\/p><p>Au terme de la formation initiale, le candidat pr\u00e9cise son engagement, en accord avec les exigences du service :<\/p><ul><li>assurer une \u00e9coute fr\u00e9quente et r\u00e9guli\u00e8re,<\/li><li>participer obligatoirement aux partages supervis\u00e9s,<\/li><li>participer avec assiduit\u00e9 \u00e0 la formation continue,<\/li><li>contribuer \u00e0 la vie de l'association.<\/li><\/ul><p>La <strong>FORMATION CONTINUE <\/strong>mise en place par l'association s'impose en permanence \u00e0 l'\u00e9coutant comme un besoin et une n\u00e9cessit\u00e9. Elle est effectu\u00e9e en situation, avec les apports th\u00e9oriques jug\u00e9s utiles.<\/p><p>L'\u00e9coutant s'oblige \u00e0 une \u00e9valuation r\u00e9guli\u00e8re de son parcours. Selon les modalit\u00e9s fix\u00e9es par l'institution, et au moins tous les quatre ans, il participe \u00e0 une r\u00e9flexion quant \u00e0 la poursuite de son activit\u00e9 d'\u00e9coutant.<\/p><h3>Ecoute, Solidarit\u00e9, Soci\u00e9t\u00e9<\/h3><p>Ph\u00e9nom\u00e8ne de soci\u00e9t\u00e9, les moyens de communication se d\u00e9veloppent sans cesse et, paradoxalement, l'individu \u2013 en l'absence d'une \u00e9coute de sa parole \u2013 est plus que jamais confront\u00e9 \u00e0 la solitude.<\/p><p>Cette situation engage S.O.S Amiti\u00e9 et ses membres \u00e0 promouvoir une attitude d'\u00e9coute mutuelle au sein de la soci\u00e9t\u00e9.<\/p><p>Dans le respect de son \u00e9thique, S.O.S Amiti\u00e9 est proche de toute forme d'aide mettant en \u0153uvre l'\u00e9coute d\u00e9sint\u00e9ress\u00e9e de l'autre. S.O.S Amiti\u00e9 participe \u00e0 la r\u00e9flexion sur les probl\u00e8mes psychologiques et sociaux de son temps et d\u00e9veloppe des \u00e9changes aux niveaux r\u00e9gional, national et \u00a0international, notamment au sein de l'UNPS (Union Nationale pour la Pr\u00e9vention du Suicide) et de l'IFOTES[\/vc_column_text][\/vc_column][\/vc_row][vc_row][vc_column][vc_column_text]<\/p><p>[\/vc_column_text][\/vc_column][\/vc_row]<\/p>","_et_gb_content_width":"","footnotes":""},"class_list":["post-26","page","type-page","status-publish","hentry"],"_links":{"self":[{"href":"https:\/\/sosamitie34.fr\/index.php?rest_route=\/wp\/v2\/pages\/26","targetHints":{"allow":["GET"]}}],"collection":[{"href":"https:\/\/sosamitie34.fr\/index.php?rest_route=\/wp\/v2\/pages"}],"about":[{"href":"https:\/\/sosamitie34.fr\/index.php?rest_route=\/wp\/v2\/types\/page"}],"author":[{"embeddable":true,"href":"https:\/\/sosamitie34.fr\/index.php?rest_route=\/wp\/v2\/users\/1"}],"replies":[{"embeddable":true,"href":"https:\/\/sosamitie34.fr\/index.php?rest_route=%2Fwp%2Fv2%2Fcomments&post=26"}],"version-history":[{"count":51,"href":"https:\/\/sosamitie34.fr\/index.php?rest_route=\/wp\/v2\/pages\/26\/revisions"}],"predecessor-version":[{"id":1953,"href":"https:\/\/sosamitie34.fr\/index.php?rest_route=\/wp\/v2\/pages\/26\/revisions\/1953"}],"wp:attachment":[{"href":"https:\/\/sosamitie34.fr\/index.php?rest_route=%2Fwp%2Fv2%2Fmedia&parent=26"}],"curies":[{"name":"wp","href":"https:\/\/api.w.org\/{rel}","templated":true}]}}