{"id":1954,"date":"2025-09-22T21:14:11","date_gmt":"2025-09-22T19:14:11","guid":{"rendered":"https:\/\/sosamitie34.fr\/?page_id=1954"},"modified":"2025-10-14T18:59:58","modified_gmt":"2025-10-14T16:59:58","slug":"qui-sommes-nous","status":"publish","type":"page","link":"https:\/\/sosamitie34.fr\/?page_id=1954","title":{"rendered":"QUI SOMMES NOUS"},"content":{"rendered":"<p>[et_pb_section fb_built=\u00a0\u00bb1&Prime; _builder_version=\u00a0\u00bb4.11.2&Prime; _module_preset=\u00a0\u00bbdefault\u00a0\u00bb global_colors_info=\u00a0\u00bb{}\u00a0\u00bb][et_pb_row column_structure=\u00a0\u00bb2_3,1_3&Prime; admin_label=\u00a0\u00bbrow\u00a0\u00bb _builder_version=\u00a0\u00bb3.25&Prime; background_size=\u00a0\u00bbinitial\u00a0\u00bb background_position=\u00a0\u00bbtop_left\u00a0\u00bb background_repeat=\u00a0\u00bbrepeat\u00a0\u00bb global_colors_info=\u00a0\u00bb{}\u00a0\u00bb][et_pb_column type=\u00a0\u00bb2_3&Prime; _builder_version=\u00a0\u00bb3.25&Prime; custom_padding=\u00a0\u00bb|||\u00a0\u00bb global_colors_info=\u00a0\u00bb{}\u00a0\u00bb custom_padding__hover=\u00a0\u00bb|||\u00a0\u00bb][et_pb_text _builder_version=\u00a0\u00bb4.11.2&Prime; _module_preset=\u00a0\u00bbdefault\u00a0\u00bb global_colors_info=\u00a0\u00bb{}\u00a0\u00bb]<\/p>\n<h1>QUI SOMMES-NOUS\u00a0?<\/h1>\n<p><strong>S.O.S AMITI\u00c9 MONTPELLIER EST UNE ASSOCIATION LOI 1901, F\u00c9D\u00c9R\u00c9E AVEC 43 AUTRES ASSOCIATIONS LOCALES DANS SOS AMITI\u00c9 FRANCE. 2 000 \u00c9COUTANTS B\u00c9N\u00c9VOLES DONT 60 \u00c0 MONTPELLIER SONT R\u00c9PAR\u00adTIS EN 65 POSTES D\u2019\u00c9COUTE, AU T\u00c9L\u00c9\u00adPHONE, \u00c0 LA MESSAGERIE ET AU CHAT.<\/strong><\/p>\n<p>Plate-forme d\u2019\u00e9coute anonyme et confi\u00addentielle, l\u2019association accueille depuis 65\u00a0ans les appels de d\u00e9tresse de tous ceux qui ont besoin d\u2019\u00eatre entendus en France.<\/p>\n<p><strong>Reconnue d\u2019utilit\u00e9 publique depuis 1967 pour son action dans la pr\u00e9vention du suicide, elle offre une \u00e9coute\u00a0:<\/strong><\/p>\n<ul>\n<li><strong>par t\u00e9l\u00e9phone : <\/strong>24h sur 24, 7\u00a0jours sur\u00a07<\/li>\n<li><strong>par chat\u00a0: <\/strong>chaque jour de 13h \u00e0 3h<\/li>\n<li><strong>par messagerie\u00a0:\u00a0<\/strong>r\u00e9ponse sous 24\u00a0h \u00e0 48\u00a0h maximum.<\/li>\n<\/ul>\n<p>[\/et_pb_text][\/et_pb_column][et_pb_column type=\u00a0\u00bb1_3&Prime; _builder_version=\u00a0\u00bb3.25&Prime; custom_padding=\u00a0\u00bb|||\u00a0\u00bb global_colors_info=\u00a0\u00bb{}\u00a0\u00bb custom_padding__hover=\u00a0\u00bb|||\u00a0\u00bb][et_pb_image src=\u00a0\u00bbhttps:\/\/sosamitie34.fr\/wp-content\/uploads\/2025\/09\/Telephone-eclats.png\u00a0\u00bb title_text=\u00a0\u00bbTe\u0301le\u0301phone e\u0301clats\u00a0\u00bb align=\u00a0\u00bbcenter\u00a0\u00bb _builder_version=\u00a0\u00bb4.11.2&Prime; _module_preset=\u00a0\u00bbdefault\u00a0\u00bb width=\u00a0\u00bb50%\u00a0\u00bb global_colors_info=\u00a0\u00bb{}\u00a0\u00bb][\/et_pb_image][et_pb_text _builder_version=\u00a0\u00bb4.11.2&Prime; _module_preset=\u00a0\u00bbdefault\u00a0\u00bb global_colors_info=\u00a0\u00bb{}\u00a0\u00bb]<\/p>\n<p>\u00c0 l\u2019\u00e9coute des difficult\u00e9s de tous de fa\u00e7on anonyme<\/p>\n<p>[\/et_pb_text][\/et_pb_column][\/et_pb_row][et_pb_row column_structure=\u00a0\u00bb1_3,1_3,1_3&Prime; _builder_version=\u00a0\u00bb4.11.2&Prime; _module_preset=\u00a0\u00bbdefault\u00a0\u00bb global_colors_info=\u00a0\u00bb{}\u00a0\u00bb][et_pb_column type=\u00a0\u00bb1_3&Prime; _builder_version=\u00a0\u00bb4.11.2&Prime; _module_preset=\u00a0\u00bbdefault\u00a0\u00bb global_colors_info=\u00a0\u00bb{}\u00a0\u00bb][et_pb_image src=\u00a0\u00bbhttps:\/\/sosamitie34.fr\/wp-content\/uploads\/2025\/09\/MASCOTTE_ORANGE_TELEPHONE_TRISTE_RVB-scaled.png\u00a0\u00bb title_text=\u00a0\u00bbMASCOTTE_ORANGE_TELEPHONE_TRISTE_RVB\u00a0\u00bb _builder_version=\u00a0\u00bb4.11.2&Prime; _module_preset=\u00a0\u00bbdefault\u00a0\u00bb global_colors_info=\u00a0\u00bb{}\u00a0\u00bb][\/et_pb_image][\/et_pb_column][et_pb_column type=\u00a0\u00bb1_3&Prime; _builder_version=\u00a0\u00bb4.11.2&Prime; _module_preset=\u00a0\u00bbdefault\u00a0\u00bb global_colors_info=\u00a0\u00bb{}\u00a0\u00bb][et_pb_image src=\u00a0\u00bbhttps:\/\/sosamitie34.fr\/wp-content\/uploads\/2025\/09\/MASCOTTE_JAUNE_TELEPHONE_JOYEUX_RVB-scaled.png\u00a0\u00bb title_text=\u00a0\u00bbMASCOTTE_JAUNE_TELEPHONE_JOYEUX_RVB\u00a0\u00bb _builder_version=\u00a0\u00bb4.11.2&Prime; _module_preset=\u00a0\u00bbdefault\u00a0\u00bb global_colors_info=\u00a0\u00bb{}\u00a0\u00bb][\/et_pb_image][\/et_pb_column][et_pb_column type=\u00a0\u00bb1_3&Prime; _builder_version=\u00a0\u00bb4.11.2&Prime; _module_preset=\u00a0\u00bbdefault\u00a0\u00bb global_colors_info=\u00a0\u00bb{}\u00a0\u00bb][et_pb_image src=\u00a0\u00bbhttps:\/\/sosamitie34.fr\/wp-content\/uploads\/2025\/09\/MASCOTTE_VERTE_SOLEIL_RVB-scaled.png\u00a0\u00bb title_text=\u00a0\u00bbMASCOTTE_VERTE_SOLEIL_RVB\u00a0\u00bb _builder_version=\u00a0\u00bb4.11.2&Prime; _module_preset=\u00a0\u00bbdefault\u00a0\u00bb global_colors_info=\u00a0\u00bb{}\u00a0\u00bb][\/et_pb_image][\/et_pb_column][\/et_pb_row][\/et_pb_section][et_pb_section fb_built=\u00a0\u00bb1&Prime; admin_label=\u00a0\u00bbsection\u00a0\u00bb _builder_version=\u00a0\u00bb3.22&Prime; global_colors_info=\u00a0\u00bb{}\u00a0\u00bb][et_pb_row _builder_version=\u00a0\u00bb4.11.2&Prime; _module_preset=\u00a0\u00bbdefault\u00a0\u00bb global_colors_info=\u00a0\u00bb{}\u00a0\u00bb][et_pb_column type=\u00a0\u00bb4_4&Prime; _builder_version=\u00a0\u00bb4.11.2&Prime; _module_preset=\u00a0\u00bbdefault\u00a0\u00bb global_colors_info=\u00a0\u00bb{}\u00a0\u00bb][et_pb_text _builder_version=\u00a0\u00bb4.11.2&Prime; _module_preset=\u00a0\u00bbdefault\u00a0\u00bb global_colors_info=\u00a0\u00bb{}\u00a0\u00bb]<\/p>\n<h2>LES AMBASSADEURS DE SOS AMITI\u00c9<\/h2>\n<p>[\/et_pb_text][\/et_pb_column][\/et_pb_row][et_pb_row column_structure=\u00a0\u00bb1_3,2_3&Prime; _builder_version=\u00a0\u00bb4.11.2&Prime; _module_preset=\u00a0\u00bbdefault\u00a0\u00bb global_colors_info=\u00a0\u00bb{}\u00a0\u00bb][et_pb_column type=\u00a0\u00bb1_3&Prime; _builder_version=\u00a0\u00bb4.11.2&Prime; _module_preset=\u00a0\u00bbdefault\u00a0\u00bb global_colors_info=\u00a0\u00bb{}\u00a0\u00bb][et_pb_image src=\u00a0\u00bbhttps:\/\/sosamitie34.fr\/wp-content\/uploads\/2025\/09\/Christophe_Malavoy.jpg\u00a0\u00bb title_text=\u00a0\u00bbChristophe_Malavoy\u00a0\u00bb admin_label=\u00a0\u00bbImage\u00a0\u00bb _builder_version=\u00a0\u00bb4.11.2&Prime; _module_preset=\u00a0\u00bbdefault\u00a0\u00bb global_colors_info=\u00a0\u00bb{}\u00a0\u00bb][\/et_pb_image][\/et_pb_column][et_pb_column type=\u00a0\u00bb2_3&Prime; _builder_version=\u00a0\u00bb4.11.2&Prime; _module_preset=\u00a0\u00bbdefault\u00a0\u00bb global_colors_info=\u00a0\u00bb{}\u00a0\u00bb][et_pb_text _builder_version=\u00a0\u00bb4.11.2&Prime; _module_preset=\u00a0\u00bbdefault\u00a0\u00bb global_colors_info=\u00a0\u00bb{}\u00a0\u00bb]<\/p>\n<div class=\"lead mb-2\">\u00ab <em>Je mettrai toute ma sinc\u00e9rit\u00e9 dans ce r\u00f4le d\u2019ambassadeur que je suis fier d\u2019honorer aujourd\u2019hui. Celui ou celle qui \u00e9coute l\u2019autre n\u2019est h\u00e9las pas une personne dont on parle beaucoup dans notre soci\u00e9t\u00e9. On parle le plus souvent de ceux qui parlent. Or, ceux qui \u00e9coutent, font \u00e0 mon sens bien davantage pour rompre la solitude et la d\u00e9tresse d\u2019un nombre toujours plus grand de personnes. \u00c9couter, c\u2019est prendre le temps de regarder ce qu\u2019on ne voit pas toujours avec les yeux<\/em>. \u00bb<\/div>\n<div class=\"h3\"><strong>Christophe Malavoy<\/strong><\/div>\n<p>[\/et_pb_text][et_pb_text _builder_version=\u00a0\u00bb4.11.2&Prime; _module_preset=\u00a0\u00bbdefault\u00a0\u00bb global_colors_info=\u00a0\u00bb{}\u00a0\u00bb]<\/p>\n<h4>Depuis 2011, <strong>Christophe MALAVOY<\/strong>, com\u00e9dien et \u00e9crivain est l\u2019ambassadeur de S.O.S Amiti\u00e9.<\/h4>\n<p>[\/et_pb_text][\/et_pb_column][\/et_pb_row][\/et_pb_section][et_pb_section fb_built=\u00a0\u00bb1&Prime; _builder_version=\u00a0\u00bb4.11.2&Prime; _module_preset=\u00a0\u00bbdefault\u00a0\u00bb global_colors_info=\u00a0\u00bb{}\u00a0\u00bb][et_pb_row column_structure=\u00a0\u00bb2_3,1_3&Prime; _builder_version=\u00a0\u00bb4.11.2&Prime; _module_preset=\u00a0\u00bbdefault\u00a0\u00bb global_colors_info=\u00a0\u00bb{}\u00a0\u00bb][et_pb_column type=\u00a0\u00bb2_3&Prime; _builder_version=\u00a0\u00bb4.11.2&Prime; _module_preset=\u00a0\u00bbdefault\u00a0\u00bb global_colors_info=\u00a0\u00bb{}\u00a0\u00bb][et_pb_text _builder_version=\u00a0\u00bb4.11.2&Prime; _module_preset=\u00a0\u00bbdefault\u00a0\u00bb global_colors_info=\u00a0\u00bb{}\u00a0\u00bb]<\/p>\n<p>\u00ab\u00a0<em>Par ces temps troubl\u00e9s de pand\u00e9mie, de confinement, d\u2019incertitude g\u00e9n\u00e9rale, s\u2019il est un organisme qui prend encore plus de sens que d\u2019habitude c\u2019est bien S.O.S Amiti\u00e9.<\/em><\/p>\n<p><em>En effet, malgr\u00e9 les r\u00e9seaux sociaux et l\u2019hyper-communication dans laquelle notre \u00e9poque semble baigner, certains d\u2019entre nous n\u2019ont jamais \u00e9t\u00e9 aussi seuls et d\u00e9sempar\u00e9s !<\/em><\/p>\n<p><em>Cette disponibilit\u00e9, cette \u00e9coute sont donc plus que n\u00e9cessaires et bienfaisantes dans un monde devenu encore plus violent et incertain qu\u2019auparavant.\u00a0<\/em><em>C\u2019est pourquoi j\u2019ai accept\u00e9 avec joie de soutenir S.O.S Amiti\u00e9 aux c\u00f4t\u00e9s de Christophe Malavoy ! \u00bb. <\/em><strong>Natalie Dessay<\/strong><\/p>\n<p>[\/et_pb_text][et_pb_text _builder_version=\u00a0\u00bb4.11.2&Prime; _module_preset=\u00a0\u00bbdefault\u00a0\u00bb global_colors_info=\u00a0\u00bb{}\u00a0\u00bb]<\/p>\n<h4>Depuis 2020, <strong>Natalie DESSAY<\/strong>, cantatrice et com\u00e9dienne, est l\u2019ambassadrice de S.O.S Amiti\u00e9, aux c\u00f4t\u00e9s de Christophe MALAVOY.<\/h4>\n<p>[\/et_pb_text][\/et_pb_column][et_pb_column type=\u00a0\u00bb1_3&Prime; _builder_version=\u00a0\u00bb4.11.2&Prime; _module_preset=\u00a0\u00bbdefault\u00a0\u00bb global_colors_info=\u00a0\u00bb{}\u00a0\u00bb][et_pb_image src=\u00a0\u00bbhttps:\/\/sosamitie34.fr\/wp-content\/uploads\/2021\/07\/Natalie-Dessay-pour-site.png\u00a0\u00bb title_text=\u00a0\u00bbNatalie Dessay pour site\u00a0\u00bb _builder_version=\u00a0\u00bb4.11.2&Prime; _module_preset=\u00a0\u00bbdefault\u00a0\u00bb global_colors_info=\u00a0\u00bb{}\u00a0\u00bb][\/et_pb_image][\/et_pb_column][\/et_pb_row][et_pb_row _builder_version=\u00a0\u00bb4.11.2&Prime; _module_preset=\u00a0\u00bbdefault\u00a0\u00bb global_colors_info=\u00a0\u00bb{}\u00a0\u00bb][et_pb_column type=\u00a0\u00bb4_4&Prime; _builder_version=\u00a0\u00bb4.11.2&Prime; _module_preset=\u00a0\u00bbdefault\u00a0\u00bb global_colors_info=\u00a0\u00bb{}\u00a0\u00bb][\/et_pb_column][\/et_pb_row][\/et_pb_section][et_pb_section fb_built=\u00a0\u00bb1&Prime; _builder_version=\u00a0\u00bb4.11.2&Prime; _module_preset=\u00a0\u00bbdefault\u00a0\u00bb background_color=\u00a0\u00bb#00cdf5&Prime; global_colors_info=\u00a0\u00bb{}\u00a0\u00bb][et_pb_row column_structure=\u00a0\u00bb1_3,2_3&Prime; _builder_version=\u00a0\u00bb4.11.2&Prime; _module_preset=\u00a0\u00bbdefault\u00a0\u00bb global_colors_info=\u00a0\u00bb{}\u00a0\u00bb][et_pb_column type=\u00a0\u00bb1_3&Prime; _builder_version=\u00a0\u00bb4.11.2&Prime; _module_preset=\u00a0\u00bbdefault\u00a0\u00bb global_colors_info=\u00a0\u00bb{}\u00a0\u00bb][et_pb_image src=\u00a0\u00bbhttps:\/\/sosamitie34.fr\/wp-content\/uploads\/2025\/09\/logo-aide-sante.png\u00a0\u00bb title_text=\u00a0\u00bblogo-aide-sante\u00a0\u00bb _builder_version=\u00a0\u00bb4.11.2&Prime; _module_preset=\u00a0\u00bbdefault\u00a0\u00bb global_colors_info=\u00a0\u00bb{}\u00a0\u00bb][\/et_pb_image][\/et_pb_column][et_pb_column type=\u00a0\u00bb2_3&Prime; _builder_version=\u00a0\u00bb4.11.2&Prime; _module_preset=\u00a0\u00bbdefault\u00a0\u00bb global_colors_info=\u00a0\u00bb{}\u00a0\u00bb][et_pb_text _builder_version=\u00a0\u00bb4.11.2&Prime; _module_preset=\u00a0\u00bbdefault\u00a0\u00bb global_colors_info=\u00a0\u00bb{}\u00a0\u00bb]<\/p>\n<h2 class=\"card-title\">Aide en Sant\u00e9-Label qualit\u00e9<\/h2>\n<p>S.O.S Amiti\u00e9 France a obtenu le label \u00ab\u00a0Aide en sant\u00e9\u00a0\u00bb, attribu\u00e9 par Sant\u00e9 Publique France. Donner une information valid\u00e9e par des experts, proposer des r\u00e9ponses apport\u00e9es par des \u00e9coutants form\u00e9s et comp\u00e9tents, \u00eatre accessible sur une large plage horaire\u2026 autant de crit\u00e8res qui garantissent un service de qualit\u00e9 aux usagers des dispositifs d\u2019aide \u00e0 distance. Pour obtenir ce label, S.O.S Amiti\u00e9 s\u2019est engag\u00e9 \u00e0 : Respecter la charte \u00e9thique du label \u00ab\u00a0Aide en sant\u00e9\u00a0\u00bb, \u00e0 \u00eatre transparente sur ses missions, \u00e0 ce que les informations d\u00e9livr\u00e9es aux usagers soient fiables, \u00e0 apporter une aide de qualit\u00e9 dans le respect de nos missions, \u00e0 garantir un service accessible, \u00e0 \u00e9valuer et am\u00e9liorer la qualit\u00e9 de nos services, \u00e0 mettre en place une organisation adapt\u00e9e pour le traitement des demandes (t\u00e9l\u00e9phone et\/ou internet)<\/p>\n<p>[\/et_pb_text][\/et_pb_column][\/et_pb_row][\/et_pb_section][et_pb_section fb_built=\u00a0\u00bb1&Prime; _builder_version=\u00a0\u00bb4.11.2&Prime; _module_preset=\u00a0\u00bbdefault\u00a0\u00bb global_colors_info=\u00a0\u00bb{}\u00a0\u00bb][et_pb_row _builder_version=\u00a0\u00bb4.11.2&Prime; _module_preset=\u00a0\u00bbdefault\u00a0\u00bb global_colors_info=\u00a0\u00bb{}\u00a0\u00bb][et_pb_column type=\u00a0\u00bb4_4&Prime; _builder_version=\u00a0\u00bb4.11.2&Prime; _module_preset=\u00a0\u00bbdefault\u00a0\u00bb global_colors_info=\u00a0\u00bb{}\u00a0\u00bb][et_pb_text _builder_version=\u00a0\u00bb4.11.2&Prime; _module_preset=\u00a0\u00bbdefault\u00a0\u00bb global_colors_info=\u00a0\u00bb{}\u00a0\u00bb]<\/p>\n<h2>MERCI \u00c0 NOS PARTENAIRES POUR LEUR SOUTIEN<\/h2>\n<p>[\/et_pb_text][\/et_pb_column][\/et_pb_row][et_pb_row column_structure=\u00a0\u00bb1_3,1_3,1_3&Prime; _builder_version=\u00a0\u00bb4.11.2&Prime; _module_preset=\u00a0\u00bbdefault\u00a0\u00bb global_colors_info=\u00a0\u00bb{}\u00a0\u00bb][et_pb_column type=\u00a0\u00bb1_3&Prime; _builder_version=\u00a0\u00bb4.11.2&Prime; _module_preset=\u00a0\u00bbdefault\u00a0\u00bb global_colors_info=\u00a0\u00bb{}\u00a0\u00bb][et_pb_image src=\u00a0\u00bbhttps:\/\/sosamitie34.fr\/wp-content\/uploads\/2018\/08\/logo_cd34_horizontal_cmjn.jpg\u00a0\u00bb title_text=\u00a0\u00bblogo_cd34_horizontal_cmjn\u00a0\u00bb align=\u00a0\u00bbcenter\u00a0\u00bb _builder_version=\u00a0\u00bb4.11.2&Prime; _module_preset=\u00a0\u00bbdefault\u00a0\u00bb hover_enabled=\u00a0\u00bb0&Prime; global_colors_info=\u00a0\u00bb{}\u00a0\u00bb sticky_enabled=\u00a0\u00bb0&Prime;][\/et_pb_image][\/et_pb_column][et_pb_column type=\u00a0\u00bb1_3&Prime; _builder_version=\u00a0\u00bb4.11.2&Prime; _module_preset=\u00a0\u00bbdefault\u00a0\u00bb global_colors_info=\u00a0\u00bb{}\u00a0\u00bb][et_pb_image src=\u00a0\u00bbhttps:\/\/sosamitie34.fr\/wp-content\/uploads\/2018\/08\/LOGO_Ville_de_Montpellier_-logo-.png\u00a0\u00bb title_text=\u00a0\u00bbLOGO_Ville_de_Montpellier_-logo-\u00a0\u00bb _builder_version=\u00a0\u00bb4.11.2&Prime; _module_preset=\u00a0\u00bbdefault\u00a0\u00bb hover_enabled=\u00a0\u00bb0&Prime; global_colors_info=\u00a0\u00bb{}\u00a0\u00bb align=\u00a0\u00bbcenter\u00a0\u00bb sticky_enabled=\u00a0\u00bb0&Prime;][\/et_pb_image][\/et_pb_column][et_pb_column type=\u00a0\u00bb1_3&Prime; _builder_version=\u00a0\u00bb4.11.2&Prime; _module_preset=\u00a0\u00bbdefault\u00a0\u00bb global_colors_info=\u00a0\u00bb{}\u00a0\u00bb][et_pb_image src=\u00a0\u00bbhttps:\/\/sosamitie34.fr\/wp-content\/uploads\/2018\/08\/Logo-caf.png\u00a0\u00bb title_text=\u00a0\u00bbLogo-caf\u00a0\u00bb _builder_version=\u00a0\u00bb4.11.2&Prime; _module_preset=\u00a0\u00bbdefault\u00a0\u00bb hover_enabled=\u00a0\u00bb0&Prime; global_colors_info=\u00a0\u00bb{}\u00a0\u00bb align=\u00a0\u00bbcenter\u00a0\u00bb sticky_enabled=\u00a0\u00bb0&Prime;][\/et_pb_image][\/et_pb_column][\/et_pb_row][et_pb_row column_structure=\u00a0\u00bb1_3,1_3,1_3&Prime; _builder_version=\u00a0\u00bb4.11.2&Prime; _module_preset=\u00a0\u00bbdefault\u00a0\u00bb global_colors_info=\u00a0\u00bb{}\u00a0\u00bb][et_pb_column type=\u00a0\u00bb1_3&Prime; _builder_version=\u00a0\u00bb4.11.2&Prime; _module_preset=\u00a0\u00bbdefault\u00a0\u00bb global_colors_info=\u00a0\u00bb{}\u00a0\u00bb][et_pb_image src=\u00a0\u00bbhttps:\/\/sosamitie34.fr\/wp-content\/uploads\/2025\/10\/Logo_Montpellier_Mediterranee_Metropole.svg_.png\u00a0\u00bb title_text=\u00a0\u00bbLogo_Montpellier_Me\u0301diterrane\u0301e_Me\u0301tropole.svg\u00a0\u00bb _builder_version=\u00a0\u00bb4.11.2&Prime; _module_preset=\u00a0\u00bbdefault\u00a0\u00bb hover_enabled=\u00a0\u00bb0&Prime; global_colors_info=\u00a0\u00bb{}\u00a0\u00bb align=\u00a0\u00bbcenter\u00a0\u00bb sticky_enabled=\u00a0\u00bb0&Prime;][\/et_pb_image][\/et_pb_column][et_pb_column type=\u00a0\u00bb1_3&Prime; _builder_version=\u00a0\u00bb4.11.2&Prime; _module_preset=\u00a0\u00bbdefault\u00a0\u00bb global_colors_info=\u00a0\u00bb{}\u00a0\u00bb][et_pb_image src=\u00a0\u00bbhttps:\/\/sosamitie34.fr\/wp-content\/uploads\/2025\/10\/LOGO-CASTELNAU-LE-LEZ.png\u00a0\u00bb title_text=\u00a0\u00bbLOGO-CASTELNAU-LE-LEZ\u00a0\u00bb force_fullwidth=\u00a0\u00bbon\u00a0\u00bb _builder_version=\u00a0\u00bb4.11.2&Prime; _module_preset=\u00a0\u00bbdefault\u00a0\u00bb hover_enabled=\u00a0\u00bb0&Prime; global_colors_info=\u00a0\u00bb{}\u00a0\u00bb align=\u00a0\u00bbcenter\u00a0\u00bb sticky_enabled=\u00a0\u00bb0&Prime;][\/et_pb_image][\/et_pb_column][et_pb_column type=\u00a0\u00bb1_3&Prime; _builder_version=\u00a0\u00bb4.11.2&Prime; _module_preset=\u00a0\u00bbdefault\u00a0\u00bb global_colors_info=\u00a0\u00bb{}\u00a0\u00bb][et_pb_image src=\u00a0\u00bbhttps:\/\/sosamitie34.fr\/wp-content\/uploads\/2025\/10\/ars-3.jpeg\u00a0\u00bb title_text=\u00a0\u00bbars-3&Prime; _builder_version=\u00a0\u00bb4.11.2&Prime; _module_preset=\u00a0\u00bbdefault\u00a0\u00bb hover_enabled=\u00a0\u00bb0&Prime; global_colors_info=\u00a0\u00bb{}\u00a0\u00bb align=\u00a0\u00bbcenter\u00a0\u00bb sticky_enabled=\u00a0\u00bb0&Prime;][\/et_pb_image][et_pb_image src=\u00a0\u00bbhttps:\/\/sosamitie34.fr\/wp-content\/uploads\/2018\/08\/te\u0301le\u0301chargement.png\u00a0\u00bb title_text=\u00a0\u00bbte\u0301le\u0301chargement\u00a0\u00bb _builder_version=\u00a0\u00bb4.11.2&Prime; _module_preset=\u00a0\u00bbdefault\u00a0\u00bb hover_enabled=\u00a0\u00bb0&Prime; global_colors_info=\u00a0\u00bb{}\u00a0\u00bb align=\u00a0\u00bbcenter\u00a0\u00bb sticky_enabled=\u00a0\u00bb0&Prime;][\/et_pb_image][\/et_pb_column][\/et_pb_row][et_pb_row column_structure=\u00a0\u00bb1_3,1_3,1_3&Prime; _builder_version=\u00a0\u00bb4.11.2&Prime; _module_preset=\u00a0\u00bbdefault\u00a0\u00bb global_colors_info=\u00a0\u00bb{}\u00a0\u00bb][et_pb_column type=\u00a0\u00bb1_3&Prime; _builder_version=\u00a0\u00bb4.11.2&Prime; _module_preset=\u00a0\u00bbdefault\u00a0\u00bb global_colors_info=\u00a0\u00bb{}\u00a0\u00bb][\/et_pb_column][et_pb_column type=\u00a0\u00bb1_3&Prime; _builder_version=\u00a0\u00bb4.11.2&Prime; _module_preset=\u00a0\u00bbdefault\u00a0\u00bb global_colors_info=\u00a0\u00bb{}\u00a0\u00bb][\/et_pb_column][et_pb_column type=\u00a0\u00bb1_3&Prime; _builder_version=\u00a0\u00bb4.11.2&Prime; _module_preset=\u00a0\u00bbdefault\u00a0\u00bb global_colors_info=\u00a0\u00bb{}\u00a0\u00bb][\/et_pb_column][\/et_pb_row][\/et_pb_section]<\/p>\n","protected":false},"excerpt":{"rendered":"<p>QUI SOMMES-NOUS\u00a0? S.O.S AMITI\u00c9 MONTPELLIER EST UNE ASSOCIATION LOI 1901, F\u00c9D\u00c9R\u00c9E AVEC 43 AUTRES ASSOCIATIONS LOCALES DANS SOS AMITI\u00c9 FRANCE. 2 000 \u00c9COUTANTS B\u00c9N\u00c9VOLES DONT 60 \u00c0 MONTPELLIER SONT R\u00c9PAR\u00adTIS EN 65 POSTES D\u2019\u00c9COUTE, AU T\u00c9L\u00c9\u00adPHONE, \u00c0 LA MESSAGERIE ET AU CHAT. Plate-forme d\u2019\u00e9coute anonyme et confi\u00addentielle, l\u2019association accueille depuis 65\u00a0ans les appels de d\u00e9tresse [&hellip;]<\/p>\n","protected":false},"author":1,"featured_media":0,"parent":0,"menu_order":0,"comment_status":"closed","ping_status":"closed","template":"","meta":{"_et_pb_use_builder":"on","_et_pb_old_content":"","_et_gb_content_width":"","footnotes":""},"class_list":["post-1954","page","type-page","status-publish","hentry"],"_links":{"self":[{"href":"https:\/\/sosamitie34.fr\/index.php?rest_route=\/wp\/v2\/pages\/1954","targetHints":{"allow":["GET"]}}],"collection":[{"href":"https:\/\/sosamitie34.fr\/index.php?rest_route=\/wp\/v2\/pages"}],"about":[{"href":"https:\/\/sosamitie34.fr\/index.php?rest_route=\/wp\/v2\/types\/page"}],"author":[{"embeddable":true,"href":"https:\/\/sosamitie34.fr\/index.php?rest_route=\/wp\/v2\/users\/1"}],"replies":[{"embeddable":true,"href":"https:\/\/sosamitie34.fr\/index.php?rest_route=%2Fwp%2Fv2%2Fcomments&post=1954"}],"version-history":[{"count":14,"href":"https:\/\/sosamitie34.fr\/index.php?rest_route=\/wp\/v2\/pages\/1954\/revisions"}],"predecessor-version":[{"id":2079,"href":"https:\/\/sosamitie34.fr\/index.php?rest_route=\/wp\/v2\/pages\/1954\/revisions\/2079"}],"wp:attachment":[{"href":"https:\/\/sosamitie34.fr\/index.php?rest_route=%2Fwp%2Fv2%2Fmedia&parent=1954"}],"curies":[{"name":"wp","href":"https:\/\/api.w.org\/{rel}","templated":true}]}}