{"id":1203,"date":"2018-08-23T17:59:40","date_gmt":"2018-08-23T15:59:40","guid":{"rendered":"http:\/\/sosamitie34.fr\/?page_id=1203"},"modified":"2019-02-12T19:01:45","modified_gmt":"2019-02-12T18:01:45","slug":"la-chartre2","status":"publish","type":"page","link":"https:\/\/sosamitie34.fr\/?page_id=1203","title":{"rendered":"Notre Chartre2"},"content":{"rendered":"<p>[et_pb_section bb_built=\u00a0\u00bb1&Prime; admin_label=\u00a0\u00bbsection\u00a0\u00bb][et_pb_row admin_label=\u00a0\u00bbrow\u00a0\u00bb][et_pb_column type=\u00a0\u00bb1_3&Prime;][et_pb_text admin_label=\u00a0\u00bbTexte\u00a0\u00bb background_layout=\u00a0\u00bblight\u00a0\u00bb text_orientation=\u00a0\u00bbleft\u00a0\u00bb use_border_color=\u00a0\u00bbon\u00a0\u00bb border_color=\u00a0\u00bb#7cda24&Prime; border_width=\u00a0\u00bb3px\u00a0\u00bb border_style=\u00a0\u00bbsolid\u00a0\u00bb custom_padding=\u00a0\u00bb10px|20px|10px|20px\u00a0\u00bb]<\/p>\n<h2><strong><span style=\"color: #1fa22e;\">La charte \u00e9thique de S.O.S Amiti\u00e9<\/span><\/strong><\/h2>\n<div class=\"bloc-vert\">S.O.S Amiti\u00e9 a tr\u00e8s t\u00f4t estim\u00e9 n\u00e9cessaire de r\u00e9diger une Charte \u00e9thique qui encadre et pr\u00e9cise les conditions de son \u00e9coute. Le respect de ses principes s&rsquo;impose \u00e0 tout \u00e9coutant. Le texte actuel a \u00e9t\u00e9 l\u00e9g\u00e8rement modifi\u00e9 en 2007, en particulier pour y inclure, en plus du t\u00e9l\u00e9phone, les nouvelles modalit\u00e9s d&rsquo;\u00e9coute par internet.<\/div>\n<p>[\/et_pb_text][\/et_pb_column][et_pb_column type=\u00a0\u00bb1_3&Prime;][et_pb_image admin_label=\u00a0\u00bbImage\u00a0\u00bb src=\u00a0\u00bbhttps:\/\/sosamitie34.fr\/wp-content\/uploads\/2017\/02\/scene1.png\u00a0\u00bb show_in_lightbox=\u00a0\u00bboff\u00a0\u00bb url_new_window=\u00a0\u00bboff\u00a0\u00bb use_overlay=\u00a0\u00bboff\u00a0\u00bb animation=\u00a0\u00bbleft\u00a0\u00bb sticky=\u00a0\u00bboff\u00a0\u00bb align=\u00a0\u00bbcenter\u00a0\u00bb max_width=\u00a0\u00bb300px\u00a0\u00bb force_fullwidth=\u00a0\u00bboff\u00a0\u00bb always_center_on_mobile=\u00a0\u00bbon\u00a0\u00bb use_border_color=\u00a0\u00bboff\u00a0\u00bb border_color=\u00a0\u00bb#ffffff\u00a0\u00bb border_style=\u00a0\u00bbsolid\u00a0\u00bb \/][\/et_pb_column][et_pb_column type=\u00a0\u00bb1_3&Prime;][et_pb_image admin_label=\u00a0\u00bbImage\u00a0\u00bb src=\u00a0\u00bbhttps:\/\/sosamitie34.fr\/wp-content\/uploads\/2018\/08\/Extraits_Chartre-1.jpg\u00a0\u00bb show_in_lightbox=\u00a0\u00bboff\u00a0\u00bb url_new_window=\u00a0\u00bboff\u00a0\u00bb use_overlay=\u00a0\u00bboff\u00a0\u00bb animation=\u00a0\u00bboff\u00a0\u00bb sticky=\u00a0\u00bboff\u00a0\u00bb align=\u00a0\u00bbleft\u00a0\u00bb force_fullwidth=\u00a0\u00bbon\u00a0\u00bb always_center_on_mobile=\u00a0\u00bbon\u00a0\u00bb use_border_color=\u00a0\u00bbon\u00a0\u00bb border_color=\u00a0\u00bb#7cda24&Prime; border_width=\u00a0\u00bb3px\u00a0\u00bb border_style=\u00a0\u00bbsolid\u00a0\u00bb \/][et_pb_button admin_label=\u00a0\u00bbBouton\u00a0\u00bb button_url=\u00a0\u00bbhttps:\/\/sosamitie34.fr\/wp-content\/uploads\/2018\/08\/CharteSOSA.jpg\u00a0\u00bb url_new_window=\u00a0\u00bbon\u00a0\u00bb button_text=\u00a0\u00bbCharte compl\u00e8te\u00a0\u00bb button_alignment=\u00a0\u00bbcenter\u00a0\u00bb background_layout=\u00a0\u00bblight\u00a0\u00bb custom_button=\u00a0\u00bbon\u00a0\u00bb button_letter_spacing=\u00a0\u00bb0&Prime; button_use_icon=\u00a0\u00bbon\u00a0\u00bb button_icon_placement=\u00a0\u00bbright\u00a0\u00bb button_on_hover=\u00a0\u00bboff\u00a0\u00bb button_letter_spacing_hover=\u00a0\u00bb0&Prime; button_text_color=\u00a0\u00bb#7cda24&Prime; button_border_color=\u00a0\u00bb#7cda24&Prime; button_icon=\u00a0\u00bb%%52%%\u00a0\u00bb button_border_width=\u00a0\u00bb3&Prime; button_rel=\u00a0\u00bbon||||\u00a0\u00bb \/][\/et_pb_column][\/et_pb_row][\/et_pb_section]<\/p>\n","protected":false},"excerpt":{"rendered":"<p>La charte \u00e9thique de S.O.S Amiti\u00e9 S.O.S Amiti\u00e9 a tr\u00e8s t\u00f4t estim\u00e9 n\u00e9cessaire de r\u00e9diger une Charte \u00e9thique qui encadre et pr\u00e9cise les conditions de son \u00e9coute. Le respect de ses principes s&rsquo;impose \u00e0 tout \u00e9coutant. Le texte actuel a \u00e9t\u00e9 l\u00e9g\u00e8rement modifi\u00e9 en 2007, en particulier pour y inclure, en plus du t\u00e9l\u00e9phone, les [&hellip;]<\/p>\n","protected":false},"author":1,"featured_media":0,"parent":0,"menu_order":0,"comment_status":"closed","ping_status":"closed","template":"","meta":{"_et_pb_use_builder":"on","_et_pb_old_content":"","_et_gb_content_width":"","footnotes":""},"class_list":["post-1203","page","type-page","status-publish","hentry"],"_links":{"self":[{"href":"https:\/\/sosamitie34.fr\/index.php?rest_route=\/wp\/v2\/pages\/1203","targetHints":{"allow":["GET"]}}],"collection":[{"href":"https:\/\/sosamitie34.fr\/index.php?rest_route=\/wp\/v2\/pages"}],"about":[{"href":"https:\/\/sosamitie34.fr\/index.php?rest_route=\/wp\/v2\/types\/page"}],"author":[{"embeddable":true,"href":"https:\/\/sosamitie34.fr\/index.php?rest_route=\/wp\/v2\/users\/1"}],"replies":[{"embeddable":true,"href":"https:\/\/sosamitie34.fr\/index.php?rest_route=%2Fwp%2Fv2%2Fcomments&post=1203"}],"version-history":[{"count":29,"href":"https:\/\/sosamitie34.fr\/index.php?rest_route=\/wp\/v2\/pages\/1203\/revisions"}],"predecessor-version":[{"id":1206,"href":"https:\/\/sosamitie34.fr\/index.php?rest_route=\/wp\/v2\/pages\/1203\/revisions\/1206"}],"wp:attachment":[{"href":"https:\/\/sosamitie34.fr\/index.php?rest_route=%2Fwp%2Fv2%2Fmedia&parent=1203"}],"curies":[{"name":"wp","href":"https:\/\/api.w.org\/{rel}","templated":true}]}}